{"id":1638,"date":"2023-11-22T00:00:03","date_gmt":"2023-11-22T00:00:03","guid":{"rendered":"https:\/\/antiaging.advancispharma.com\/products\/vita-c-plus-2\/"},"modified":"2026-04-28T23:00:07","modified_gmt":"2026-04-28T23:00:07","slug":"vita-c-plus-30-comp","status":"publish","type":"product","link":"https:\/\/antiaging.advancispharma.com\/en\/products\/vita-c-plus-30-comp\/","title":{"rendered":"Vita C Plus 30 comp."},"content":{"rendered":"","protected":false},"featured_media":1448,"parent":0,"template":"","cuidados-especificos":[5,14,6],"tipo-de-produto":[19],"class_list":["post-1638","product","type-product","status-publish","has-post-thumbnail","hentry","cuidados-especificos-antioxidante","cuidados-especificos-imunidade","cuidados-especificos-pele-cabelo-e-unhas","tipo-de-produto-suplementos-alimentares"],"acf":[],"yoast_head":"<!-- This site is optimized with the Yoast SEO plugin v20.1 - https:\/\/yoast.com\/wordpress\/plugins\/seo\/ -->\n<title>Advancis Agellai Vita C Plus - Pele, Antioxidante e Imunidade<\/title>\n<meta name=\"description\" content=\"Advancis\u00ae Agellai\u00ae Vita C Plus \u00e9 um suplemento alimentar desenvolvido a pensar na normal forma\u00e7\u00e3o de colag\u00e9nio, pele e sistema imunit\u00e1rio.\" \/>\n<meta name=\"robots\" content=\"index, follow, max-snippet:-1, max-image-preview:large, max-video-preview:-1\" \/>\n<link rel=\"canonical\" href=\"https:\/\/antiaging.advancispharma.com\/en\/products\/vita-c-plus-30-comp\/\" \/>\n<meta property=\"og:locale\" content=\"en_US\" \/>\n<meta property=\"og:type\" content=\"article\" \/>\n<meta property=\"og:title\" content=\"Advancis Agellai Vita C Plus - Pele, Antioxidante e Imunidade\" \/>\n<meta property=\"og:description\" content=\"Advancis\u00ae Agellai\u00ae Vita C Plus \u00e9 um suplemento alimentar desenvolvido a pensar na normal forma\u00e7\u00e3o de colag\u00e9nio, pele e sistema imunit\u00e1rio.\" \/>\n<meta property=\"og:url\" content=\"https:\/\/antiaging.advancispharma.com\/en\/products\/vita-c-plus-30-comp\/\" \/>\n<meta property=\"og:site_name\" content=\"Advancis Anti Aging\" \/>\n<meta property=\"article:modified_time\" content=\"2026-04-28T23:00:07+00:00\" \/>\n<meta property=\"og:image\" content=\"https:\/\/antiaging.advancispharma.com\/wp-content\/uploads\/2023\/07\/vita-c-plus-banner-2.png\" \/>\n\t<meta property=\"og:image:width\" content=\"800\" \/>\n\t<meta property=\"og:image:height\" content=\"800\" \/>\n\t<meta property=\"og:image:type\" content=\"image\/png\" \/>\n<meta name=\"twitter:card\" content=\"summary_large_image\" \/>\n<script type=\"application\/ld+json\" class=\"yoast-schema-graph\">{\"@context\":\"https:\/\/schema.org\",\"@graph\":[{\"@type\":\"WebPage\",\"@id\":\"https:\/\/antiaging.advancispharma.com\/products\/vita-c-plus-30-comp\/\",\"url\":\"https:\/\/antiaging.advancispharma.com\/products\/vita-c-plus-30-comp\/\",\"name\":\"Advancis Agellai Vita C Plus - Pele, Antioxidante e Imunidade\",\"isPartOf\":{\"@id\":\"https:\/\/antiaging.advancispharma.com\/#website\"},\"datePublished\":\"2023-11-22T00:00:03+00:00\",\"dateModified\":\"2026-04-28T23:00:07+00:00\",\"description\":\"Advancis\u00ae Agellai\u00ae Vita C Plus \u00e9 um suplemento alimentar desenvolvido a pensar na normal forma\u00e7\u00e3o de colag\u00e9nio, pele e sistema imunit\u00e1rio.\",\"breadcrumb\":{\"@id\":\"https:\/\/antiaging.advancispharma.com\/products\/vita-c-plus-30-comp\/#breadcrumb\"},\"inLanguage\":\"en-US\",\"potentialAction\":[{\"@type\":\"ReadAction\",\"target\":[\"https:\/\/antiaging.advancispharma.com\/products\/vita-c-plus-30-comp\/\"]}]},{\"@type\":\"BreadcrumbList\",\"@id\":\"https:\/\/antiaging.advancispharma.com\/products\/vita-c-plus-30-comp\/#breadcrumb\",\"itemListElement\":[{\"@type\":\"ListItem\",\"position\":1,\"name\":\"Home\",\"item\":\"https:\/\/antiaging.advancispharma.com\/\"},{\"@type\":\"ListItem\",\"position\":2,\"name\":\"Products\",\"item\":\"https:\/\/antiaging.advancispharma.com\/products\/\"},{\"@type\":\"ListItem\",\"position\":3,\"name\":\"Vita C Plus 30 comp.\"}]},{\"@type\":\"WebSite\",\"@id\":\"https:\/\/antiaging.advancispharma.com\/#website\",\"url\":\"https:\/\/antiaging.advancispharma.com\/\",\"name\":\"Advancis Anti Aging\",\"description\":\"Conhe\u00e7a a gama Advancis\u00ae\ufe0f Agellai\u00ae: um conjunto de f\u00f3rmulas criteriosamente selecionadas para promover o bem-estar e complementar no processo de envelhecimento.\",\"publisher\":{\"@id\":\"https:\/\/antiaging.advancispharma.com\/#organization\"},\"alternateName\":\"Advancis Agellai\",\"potentialAction\":[{\"@type\":\"SearchAction\",\"target\":{\"@type\":\"EntryPoint\",\"urlTemplate\":\"https:\/\/antiaging.advancispharma.com\/?s={search_term_string}\"},\"query-input\":\"required name=search_term_string\"}],\"inLanguage\":\"en-US\"},{\"@type\":\"Organization\",\"@id\":\"https:\/\/antiaging.advancispharma.com\/#organization\",\"name\":\"Advancis Pharma\",\"alternateName\":\"Advancis\",\"url\":\"https:\/\/antiaging.advancispharma.com\/\",\"logo\":{\"@type\":\"ImageObject\",\"inLanguage\":\"en-US\",\"@id\":\"https:\/\/antiaging.advancispharma.com\/#\/schema\/logo\/image\/\",\"url\":\"https:\/\/antiaging.advancispharma.com\/wp-content\/uploads\/2023\/06\/logo_agellai.png\",\"contentUrl\":\"https:\/\/antiaging.advancispharma.com\/wp-content\/uploads\/2023\/06\/logo_agellai.png\",\"width\":846,\"height\":619,\"caption\":\"Advancis Pharma\"},\"image\":{\"@id\":\"https:\/\/antiaging.advancispharma.com\/#\/schema\/logo\/image\/\"},\"sameAs\":[\"https:\/\/www.instagram.com\/advancis_agellai\/\"]}]}<\/script>\n<!-- \/ Yoast SEO plugin. -->","yoast_head_json":{"title":"Advancis Agellai Vita C Plus - Pele, Antioxidante e Imunidade","description":"Advancis\u00ae Agellai\u00ae Vita C Plus \u00e9 um suplemento alimentar desenvolvido a pensar na normal forma\u00e7\u00e3o de colag\u00e9nio, pele e sistema imunit\u00e1rio.","robots":{"index":"index","follow":"follow","max-snippet":"max-snippet:-1","max-image-preview":"max-image-preview:large","max-video-preview":"max-video-preview:-1"},"canonical":"https:\/\/antiaging.advancispharma.com\/en\/products\/vita-c-plus-30-comp\/","og_locale":"en_US","og_type":"article","og_title":"Advancis Agellai Vita C Plus - Pele, Antioxidante e Imunidade","og_description":"Advancis\u00ae Agellai\u00ae Vita C Plus \u00e9 um suplemento alimentar desenvolvido a pensar na normal forma\u00e7\u00e3o de colag\u00e9nio, pele e sistema imunit\u00e1rio.","og_url":"https:\/\/antiaging.advancispharma.com\/en\/products\/vita-c-plus-30-comp\/","og_site_name":"Advancis Anti Aging","article_modified_time":"2026-04-28T23:00:07+00:00","og_image":[{"width":800,"height":800,"url":"https:\/\/antiaging.advancispharma.com\/wp-content\/uploads\/2023\/07\/vita-c-plus-banner-2.png","type":"image\/png"}],"twitter_card":"summary_large_image","schema":{"@context":"https:\/\/schema.org","@graph":[{"@type":"WebPage","@id":"https:\/\/antiaging.advancispharma.com\/products\/vita-c-plus-30-comp\/","url":"https:\/\/antiaging.advancispharma.com\/products\/vita-c-plus-30-comp\/","name":"Advancis Agellai Vita C Plus - Pele, Antioxidante e Imunidade","isPartOf":{"@id":"https:\/\/antiaging.advancispharma.com\/#website"},"datePublished":"2023-11-22T00:00:03+00:00","dateModified":"2026-04-28T23:00:07+00:00","description":"Advancis\u00ae Agellai\u00ae Vita C Plus \u00e9 um suplemento alimentar desenvolvido a pensar na normal forma\u00e7\u00e3o de colag\u00e9nio, pele e sistema imunit\u00e1rio.","breadcrumb":{"@id":"https:\/\/antiaging.advancispharma.com\/products\/vita-c-plus-30-comp\/#breadcrumb"},"inLanguage":"en-US","potentialAction":[{"@type":"ReadAction","target":["https:\/\/antiaging.advancispharma.com\/products\/vita-c-plus-30-comp\/"]}]},{"@type":"BreadcrumbList","@id":"https:\/\/antiaging.advancispharma.com\/products\/vita-c-plus-30-comp\/#breadcrumb","itemListElement":[{"@type":"ListItem","position":1,"name":"Home","item":"https:\/\/antiaging.advancispharma.com\/"},{"@type":"ListItem","position":2,"name":"Products","item":"https:\/\/antiaging.advancispharma.com\/products\/"},{"@type":"ListItem","position":3,"name":"Vita C Plus 30 comp."}]},{"@type":"WebSite","@id":"https:\/\/antiaging.advancispharma.com\/#website","url":"https:\/\/antiaging.advancispharma.com\/","name":"Advancis Anti Aging","description":"Conhe\u00e7a a gama Advancis\u00ae\ufe0f Agellai\u00ae: um conjunto de f\u00f3rmulas criteriosamente selecionadas para promover o bem-estar e complementar no processo de envelhecimento.","publisher":{"@id":"https:\/\/antiaging.advancispharma.com\/#organization"},"alternateName":"Advancis Agellai","potentialAction":[{"@type":"SearchAction","target":{"@type":"EntryPoint","urlTemplate":"https:\/\/antiaging.advancispharma.com\/?s={search_term_string}"},"query-input":"required name=search_term_string"}],"inLanguage":"en-US"},{"@type":"Organization","@id":"https:\/\/antiaging.advancispharma.com\/#organization","name":"Advancis Pharma","alternateName":"Advancis","url":"https:\/\/antiaging.advancispharma.com\/","logo":{"@type":"ImageObject","inLanguage":"en-US","@id":"https:\/\/antiaging.advancispharma.com\/#\/schema\/logo\/image\/","url":"https:\/\/antiaging.advancispharma.com\/wp-content\/uploads\/2023\/06\/logo_agellai.png","contentUrl":"https:\/\/antiaging.advancispharma.com\/wp-content\/uploads\/2023\/06\/logo_agellai.png","width":846,"height":619,"caption":"Advancis Pharma"},"image":{"@id":"https:\/\/antiaging.advancispharma.com\/#\/schema\/logo\/image\/"},"sameAs":["https:\/\/www.instagram.com\/advancis_agellai\/"]}]}},"_links":{"self":[{"href":"https:\/\/antiaging.advancispharma.com\/en\/wp-json\/wp\/v2\/product\/1638","targetHints":{"allow":["GET"]}}],"collection":[{"href":"https:\/\/antiaging.advancispharma.com\/en\/wp-json\/wp\/v2\/product"}],"about":[{"href":"https:\/\/antiaging.advancispharma.com\/en\/wp-json\/wp\/v2\/types\/product"}],"wp:featuredmedia":[{"embeddable":true,"href":"https:\/\/antiaging.advancispharma.com\/en\/wp-json\/wp\/v2\/media\/1448"}],"wp:attachment":[{"href":"https:\/\/antiaging.advancispharma.com\/en\/wp-json\/wp\/v2\/media?parent=1638"}],"wp:term":[{"taxonomy":"cuidados-especificos","embeddable":true,"href":"https:\/\/antiaging.advancispharma.com\/en\/wp-json\/wp\/v2\/cuidados-especificos?post=1638"},{"taxonomy":"tipo-de-produto","embeddable":true,"href":"https:\/\/antiaging.advancispharma.com\/en\/wp-json\/wp\/v2\/tipo-de-produto?post=1638"}],"curies":[{"name":"wp","href":"https:\/\/api.w.org\/{rel}","templated":true}]}}